{"id":11212,"date":"2023-09-01T18:07:37","date_gmt":"2023-09-01T18:07:37","guid":{"rendered":"https:\/\/wee-msme-clearinghouse.com\/es\/?page_id=11212"},"modified":"2025-05-22T08:53:20","modified_gmt":"2025-05-22T12:53:20","slug":"the-msme-clearinghouse","status":"publish","type":"page","link":"https:\/\/wee-msme-clearinghouse.com\/es\/the-msme-clearinghouse\/","title":{"rendered":"Acerca del Centro de Informaci\u00f3n para MIPYMES"},"content":{"rendered":"\t\t<div data-elementor-type=\"wp-page\" data-elementor-id=\"11212\" class=\"elementor elementor-11212\" data-elementor-settings=\"{&quot;ha_cmc_init_switcher&quot;:&quot;no&quot;}\" data-elementor-post-type=\"page\">\n\t\t\t\t<div class=\"elementor-element elementor-element-e00a5bf e-con-full e-flex wpr-particle-no wpr-jarallax-no wpr-parallax-no wpr-sticky-section-no e-con e-parent\" data-id=\"e00a5bf\" data-element_type=\"container\" data-settings=\"{&quot;_ha_eqh_enable&quot;:false}\">\n\t\t<div class=\"elementor-element elementor-element-8cffc4d e-flex e-con-boxed wpr-particle-no wpr-jarallax-no wpr-parallax-no wpr-sticky-section-no e-con e-child\" data-id=\"8cffc4d\" data-element_type=\"container\" data-settings=\"{&quot;background_background&quot;:&quot;classic&quot;,&quot;_ha_eqh_enable&quot;:false}\">\n\t\t\t\t\t<div class=\"e-con-inner\">\n\t\t\t\t<div class=\"elementor-element elementor-element-9ef1c69 exad-sticky-section-no exad-glass-effect-no elementor-widget elementor-widget-heading\" data-id=\"9ef1c69\" data-element_type=\"widget\" data-widget_type=\"heading.default\">\n\t\t\t\t<div class=\"elementor-widget-container\">\n\t\t\t\t\t<h2 class=\"elementor-heading-title elementor-size-default\">Acerca del Centro de Informaci\u00f3n para MIPYMES<\/h2>\t\t\t\t<\/div>\n\t\t\t\t<\/div>\n\t\t\t\t\t<\/div>\n\t\t\t\t<\/div>\n\t\t\t\t<\/div>\n\t\t<div class=\"elementor-element elementor-element-4ce12995 e-flex e-con-boxed wpr-particle-no wpr-jarallax-no wpr-parallax-no wpr-sticky-section-no e-con e-parent\" data-id=\"4ce12995\" data-element_type=\"container\" data-settings=\"{&quot;_ha_eqh_enable&quot;:false}\">\n\t\t\t\t\t<div class=\"e-con-inner\">\n\t\t\t\t<div class=\"elementor-element elementor-element-7150913b exad-sticky-section-no exad-glass-effect-no elementor-widget elementor-widget-text-editor\" data-id=\"7150913b\" data-element_type=\"widget\" data-widget_type=\"text-editor.default\">\n\t\t\t\t<div class=\"elementor-widget-container\">\n\t\t\t\t\t\t\t\t\t\n<p>Aqu\u00ed encontrar\u00e1 una gran cantidad de informaci\u00f3n, herramientas y oportunidades relevantes que le ayudar\u00e1n a prosperar en su viaje empresarial. Desde herramientas digitales destinadas a cerrar la brecha para las mujeres en la econom\u00eda digital hasta informaci\u00f3n sobre educaci\u00f3n financiera y oportunidades para conectarse con la di\u00e1spora. Tambi\u00e9n ponemos a su disposici\u00f3n materiales de capacitaci\u00f3n en l\u00ednea, mejores pr\u00e1cticas y otros recursos en l\u00ednea disponibles, ya que estamos comprometidos a brindarle el conocimiento y el apoyo necesarios para tener \u00e9xito.<\/p>\n\n<p>Nuestro Centro de Informaci\u00f3n ofrece un directorio completo de recursos comerciales, incluidas iniciativas gubernamentales y de organizaciones que brindan servicios especializados para mujeres empresarias. Este directorio le permite conectarse con los socios adecuados y acceder a la asistencia que necesita para escalar su negocio.<\/p>\n\n<p>Entendemos los desaf\u00edos \u00fanicos que enfrentan las mujeres en el mundo empresarial y nuestro objetivo es abordarlos directamente a trav\u00e9s del contenido que hemos seleccionado. Mant\u00e9ngase actualizada con las \u00faltimas tendencias y obtenga informaci\u00f3n del Centro de Informaci\u00f3n para MIPYMES .\u00a0 Adem\u00e1s, organizamos seminarios web y eventos virtuales que fomentan el aprendizaje, la colaboraci\u00f3n y las oportunidades de establecer contactos. En el Centro de Informaci\u00f3n en l\u00ednea para MIPYMES, creemos en el poder del conocimiento y la comunidad. \u00danase a nosotros hoy y descubra un mundo de recursos dise\u00f1ados para empoderar a las mujeres emprendedoras en el sector de las MIPYMES. Juntos, rompamos barreras, logremos el \u00e9xito y creemos una sociedad m\u00e1s equitativa y resiliente.<\/p>\n\t\t\t\t\t\t\t\t<\/div>\n\t\t\t\t<\/div>\n\t\t\t\t\t<\/div>\n\t\t\t\t<\/div>\n\t\t\t\t<\/div>\n\t\t","protected":false},"excerpt":{"rendered":"<p>Aqu\u00ed encontrar\u00e1 una gran cantidad de informaci\u00f3n, herramientas y oportunidades relevantes que le ayudar\u00e1n a prosperar en su viaje empresarial. Desde herramientas digitales destinadas a cerrar la brecha para las mujeres en la econom\u00eda digital hasta informaci\u00f3n sobre educaci\u00f3n financiera y oportunidades para conectarse con la di\u00e1spora. Tambi\u00e9n ponemos a su disposici\u00f3n materiales de capacitaci\u00f3n en l\u00ednea, mejores pr\u00e1cticas y otros recursos en l\u00ednea disponibles, ya que estamos comprometidos a brindarle el conocimiento y el apoyo necesarios para tener \u00e9xito. Nuestro Centro de Informaci\u00f3n ofrece un directorio completo de recursos comerciales, incluidas iniciativas gubernamentales y de organizaciones que brindan servicios especializados para mujeres empresarias. Este directorio le permite conectarse con los socios adecuados y acceder a la asistencia que necesita para escalar su negocio. Entendemos los desaf\u00edos \u00fanicos que enfrentan las mujeres en el mundo empresarial y nuestro objetivo es abordarlos directamente a trav\u00e9s del contenido que hemos seleccionado. Mant\u00e9ngase actualizada con las \u00faltimas tendencias y obtenga informaci\u00f3n del Centro de Informaci\u00f3n para MIPYMES .\u00a0 Adem\u00e1s, organizamos seminarios web y eventos virtuales que fomentan el aprendizaje, la colaboraci\u00f3n y las oportunidades de establecer contactos. En el Centro de Informaci\u00f3n en l\u00ednea para MIPYMES, creemos en el poder del conocimiento y la comunidad. \u00danase a nosotros hoy y descubra un mundo de recursos dise\u00f1ados para empoderar a las mujeres emprendedoras en el sector de las MIPYMES. Juntos, rompamos barreras, logremos el \u00e9xito y creemos una sociedad m\u00e1s equitativa y resiliente.<\/p>\n","protected":false},"author":1,"featured_media":0,"parent":0,"menu_order":0,"comment_status":"closed","ping_status":"closed","template":"","meta":{"iawp_total_views":2,"footnotes":""},"folder":[],"class_list":["post-11212","page","type-page","status-publish","hentry"],"_links":{"self":[{"href":"https:\/\/wee-msme-clearinghouse.com\/es\/wp-json\/wp\/v2\/pages\/11212","targetHints":{"allow":["GET"]}}],"collection":[{"href":"https:\/\/wee-msme-clearinghouse.com\/es\/wp-json\/wp\/v2\/pages"}],"about":[{"href":"https:\/\/wee-msme-clearinghouse.com\/es\/wp-json\/wp\/v2\/types\/page"}],"author":[{"embeddable":true,"href":"https:\/\/wee-msme-clearinghouse.com\/es\/wp-json\/wp\/v2\/users\/1"}],"replies":[{"embeddable":true,"href":"https:\/\/wee-msme-clearinghouse.com\/es\/wp-json\/wp\/v2\/comments?post=11212"}],"version-history":[{"count":25,"href":"https:\/\/wee-msme-clearinghouse.com\/es\/wp-json\/wp\/v2\/pages\/11212\/revisions"}],"predecessor-version":[{"id":14036,"href":"https:\/\/wee-msme-clearinghouse.com\/es\/wp-json\/wp\/v2\/pages\/11212\/revisions\/14036"}],"wp:attachment":[{"href":"https:\/\/wee-msme-clearinghouse.com\/es\/wp-json\/wp\/v2\/media?parent=11212"}],"wp:term":[{"taxonomy":"folder","embeddable":true,"href":"https:\/\/wee-msme-clearinghouse.com\/es\/wp-json\/wp\/v2\/folder?post=11212"}],"curies":[{"name":"wp","href":"https:\/\/api.w.org\/{rel}","templated":true}]}}