{"id":11224,"date":"2023-09-04T19:11:46","date_gmt":"2023-09-04T19:11:46","guid":{"rendered":"https:\/\/wee-msme-clearinghouse.com\/es\/?page_id=11224"},"modified":"2024-06-10T09:47:25","modified_gmt":"2024-06-10T13:47:25","slug":"voces_de_la_diaspora","status":"publish","type":"page","link":"https:\/\/wee-msme-clearinghouse.com\/es\/voces_de_la_diaspora\/","title":{"rendered":"Voces de la Di\u00e1spora"},"content":{"rendered":"\t\t<div data-elementor-type=\"wp-page\" data-elementor-id=\"11224\" class=\"elementor elementor-11224\" data-elementor-settings=\"{&quot;ha_cmc_init_switcher&quot;:&quot;no&quot;}\" data-elementor-post-type=\"page\">\n\t\t\t\t<div class=\"elementor-element elementor-element-888a537 e-con-full e-flex wpr-particle-no wpr-jarallax-no wpr-parallax-no wpr-sticky-section-no e-con e-parent\" data-id=\"888a537\" data-element_type=\"container\" data-settings=\"{&quot;background_background&quot;:&quot;classic&quot;,&quot;_ha_eqh_enable&quot;:false}\">\n\t\t\t\t<div class=\"elementor-element elementor-element-3cd903e elementor-widget__width-inherit exad-sticky-section-no exad-glass-effect-no elementor-widget elementor-widget-heading\" data-id=\"3cd903e\" data-element_type=\"widget\" data-widget_type=\"heading.default\">\n\t\t\t\t<div class=\"elementor-widget-container\">\n\t\t\t\t\t<h2 class=\"elementor-heading-title elementor-size-default\">Voces de la Di\u00e1spora<\/h2>\t\t\t\t<\/div>\n\t\t\t\t<\/div>\n\t\t\t\t<\/div>\n\t\t\t\t<section class=\"elementor-section elementor-top-section elementor-element elementor-element-6664686c elementor-section-boxed elementor-section-height-default elementor-section-height-default exad-glass-effect-no wpr-particle-no wpr-jarallax-no wpr-parallax-no wpr-sticky-section-no exad-sticky-section-no\" data-id=\"6664686c\" data-element_type=\"section\" data-settings=\"{&quot;_ha_eqh_enable&quot;:false}\">\n\t\t\t\t\t\t<div class=\"elementor-container elementor-column-gap-default\">\n\t\t\t\t\t<div class=\"elementor-column elementor-col-100 elementor-top-column elementor-element elementor-element-a66ff3a exad-glass-effect-no exad-sticky-section-no\" data-id=\"a66ff3a\" data-element_type=\"column\">\n\t\t\t<div class=\"elementor-widget-wrap elementor-element-populated\">\n\t\t\t\t\t\t<div class=\"elementor-element elementor-element-51f7ee0 exad-sticky-section-no exad-glass-effect-no elementor-widget elementor-widget-text-editor\" data-id=\"51f7ee0\" data-element_type=\"widget\" data-widget_type=\"text-editor.default\">\n\t\t\t\t<div class=\"elementor-widget-container\">\n\t\t\t\t\t\t\t\t\t\n<p style=\"font-weight: 400\">Destacamos las contribuciones de la comunidad de la di\u00e1spora que apoyan a las Micro, Peque\u00f1as y Medianas Empresas (MIPYMES). Compartimos sus historias, experiencias e iniciativas que promueven el desarrollo econ\u00f3mico en sus pa\u00edses de origen.<\/p>\n<p style=\"font-weight: 400\">Nuestro objetivo es inspirar y empoderar a otros miembros de la comunidad de la di\u00e1spora para que contribuyan al crecimiento econ\u00f3mico de sus pa\u00edses de origen. Al mostrar las historias de \u00e9xito y las iniciativas de los empresarios de la di\u00e1spora, destacamos el potencial de la participaci\u00f3n de la di\u00e1spora para fomentar el desarrollo sostenible y crear oportunidades para las MIPYMES.<\/p>\n\t\t\t\t\t\t\t\t<\/div>\n\t\t\t\t<\/div>\n\t\t\t\t\t<\/div>\n\t\t<\/div>\n\t\t\t\t\t<\/div>\n\t\t<\/section>\n\t\t\t\t<\/div>\n\t\t","protected":false},"excerpt":{"rendered":"<p>Destacamos las contribuciones de la comunidad de la di\u00e1spora que apoyan a las Micro, Peque\u00f1as y Medianas Empresas (MIPYMES). Compartimos sus historias, experiencias e iniciativas que promueven el desarrollo econ\u00f3mico en sus pa\u00edses de origen. Nuestro objetivo es inspirar y empoderar a otros miembros de la comunidad de la di\u00e1spora para que contribuyan al crecimiento econ\u00f3mico de sus pa\u00edses de origen. Al mostrar las historias de \u00e9xito y las iniciativas de los empresarios de la di\u00e1spora, destacamos el potencial de la participaci\u00f3n de la di\u00e1spora para fomentar el desarrollo sostenible y crear oportunidades para las MIPYMES.<\/p>\n","protected":false},"author":1,"featured_media":0,"parent":0,"menu_order":0,"comment_status":"closed","ping_status":"closed","template":"","meta":{"iawp_total_views":14,"footnotes":""},"folder":[],"class_list":["post-11224","page","type-page","status-publish","hentry"],"_links":{"self":[{"href":"https:\/\/wee-msme-clearinghouse.com\/es\/wp-json\/wp\/v2\/pages\/11224","targetHints":{"allow":["GET"]}}],"collection":[{"href":"https:\/\/wee-msme-clearinghouse.com\/es\/wp-json\/wp\/v2\/pages"}],"about":[{"href":"https:\/\/wee-msme-clearinghouse.com\/es\/wp-json\/wp\/v2\/types\/page"}],"author":[{"embeddable":true,"href":"https:\/\/wee-msme-clearinghouse.com\/es\/wp-json\/wp\/v2\/users\/1"}],"replies":[{"embeddable":true,"href":"https:\/\/wee-msme-clearinghouse.com\/es\/wp-json\/wp\/v2\/comments?post=11224"}],"version-history":[{"count":1,"href":"https:\/\/wee-msme-clearinghouse.com\/es\/wp-json\/wp\/v2\/pages\/11224\/revisions"}],"predecessor-version":[{"id":14017,"href":"https:\/\/wee-msme-clearinghouse.com\/es\/wp-json\/wp\/v2\/pages\/11224\/revisions\/14017"}],"wp:attachment":[{"href":"https:\/\/wee-msme-clearinghouse.com\/es\/wp-json\/wp\/v2\/media?parent=11224"}],"wp:term":[{"taxonomy":"folder","embeddable":true,"href":"https:\/\/wee-msme-clearinghouse.com\/es\/wp-json\/wp\/v2\/folder?post=11224"}],"curies":[{"name":"wp","href":"https:\/\/api.w.org\/{rel}","templated":true}]}}