{"id":14039,"date":"2025-05-22T11:19:24","date_gmt":"2025-05-22T15:19:24","guid":{"rendered":"https:\/\/wee-msme-clearinghouse.com\/es\/?page_id=14039"},"modified":"2025-06-03T14:11:46","modified_gmt":"2025-06-03T18:11:46","slug":"mipyme-en-linea-formacion-en-comercio-electronico","status":"publish","type":"page","link":"https:\/\/wee-msme-clearinghouse.com\/es\/mipyme-en-linea-formacion-en-comercio-electronico\/","title":{"rendered":"MIPYME en L\u00ednea: Formaci\u00f3n en Comercio Electr\u00f3nico"},"content":{"rendered":"\t\t<div data-elementor-type=\"wp-page\" data-elementor-id=\"14039\" class=\"elementor elementor-14039\" data-elementor-settings=\"{&quot;ha_cmc_init_switcher&quot;:&quot;no&quot;}\" data-elementor-post-type=\"page\">\n\t\t\t\t<div class=\"elementor-element elementor-element-20334fe e-con-full e-flex wpr-particle-no wpr-jarallax-no wpr-parallax-no wpr-sticky-section-no e-con e-parent\" data-id=\"20334fe\" data-element_type=\"container\" data-settings=\"{&quot;background_background&quot;:&quot;classic&quot;,&quot;_ha_eqh_enable&quot;:false}\">\n\t\t\t\t<div class=\"elementor-element elementor-element-b76431f elementor-widget__width-initial exad-sticky-section-no exad-glass-effect-no elementor-widget elementor-widget-heading\" data-id=\"b76431f\" data-element_type=\"widget\" data-widget_type=\"heading.default\">\n\t\t\t\t<div class=\"elementor-widget-container\">\n\t\t\t\t\t<h1 class=\"elementor-heading-title elementor-size-default\">MIPYME en L\u00ednea: Formaci\u00f3n en Comercio Electr\u00f3nico<\/h1>\t\t\t\t<\/div>\n\t\t\t\t<\/div>\n\t\t\t\t<\/div>\n\t\t<div class=\"elementor-element elementor-element-26b08c1 e-flex e-con-boxed wpr-particle-no wpr-jarallax-no wpr-parallax-no wpr-sticky-section-no e-con e-parent\" data-id=\"26b08c1\" data-element_type=\"container\" data-settings=\"{&quot;_ha_eqh_enable&quot;:false}\">\n\t\t\t\t\t<div class=\"e-con-inner\">\n\t\t\t\t<div class=\"elementor-element elementor-element-7a5aa29 exad-sticky-section-no exad-glass-effect-no elementor-widget elementor-widget-text-editor\" data-id=\"7a5aa29\" data-element_type=\"widget\" data-widget_type=\"text-editor.default\">\n\t\t\t\t<div class=\"elementor-widget-container\">\n\t\t\t\t\t\t\t\t\t<p style=\"font-weight: 400\">El programa\u00a0<strong>MIPYME en L\u00ednea: Formaci\u00f3n en Comercio Electr\u00f3nico<\/strong>\u00a0est\u00e1 dise\u00f1ado para fortalecer las capacidades digitales de micro, peque\u00f1as y medianas empresas, brind\u00e1ndoles herramientas pr\u00e1cticas para digitalizar sus negocios y expandir su presencia en l\u00ednea. A lo largo del curso, los participantes reciben capacitaci\u00f3n especializada y asistencia t\u00e9cnica personalizada para optimizar sus canales de venta digital, incrementar su visibilidad y mejorar su competitividad en el mercado.<\/p>\t\t\t\t\t\t\t\t<\/div>\n\t\t\t\t<\/div>\n\t\t\t\t<div class=\"elementor-element elementor-element-a9c0c2a exad-sticky-section-no exad-glass-effect-no elementor-widget elementor-widget-wpb-ea-post-grid-slider\" data-id=\"a9c0c2a\" data-element_type=\"widget\" data-widget_type=\"wpb-ea-post-grid-slider.default\">\n\t\t\t\t<div class=\"elementor-widget-container\">\n\t\t\t\t\t<div class=\"wpb-ea-posts-items wpb-ea-posts-grid ea-row\"><div class=\"wpb-ea-posts-item-column col-lg-4 col-md-6\"><div class=\"wpb-ea-post-carousel content-alignment-\"><div class=\"post-thumbnail\"><a href=\"https:\/\/wee-msme-clearinghouse.com\/es\/introduccion\/\" title=\"Introducci\u00f3n\"><img decoding=\"async\" src=\"https:\/\/wee-msme-clearinghouse.com\/es\/wp-content\/uploads\/2025\/05\/Introduccion-768x768.jpeg\" alt=\"\" \/><\/a><\/div><div class=\"post-info\"><div class=\"post-content\"><div class=\"post-date\"><a href=\"https:\/\/wee-msme-clearinghouse.com\/es\/introduccion\/\">13 de mayo de 2025<\/a><\/div><a href=\"https:\/\/wee-msme-clearinghouse.com\/es\/introduccion\/\" class=\"post-link\"><h3 class=\"post-heading\">Introducci\u00f3n<\/h3><\/a><div class=\"post-details\"><p>Bienvenida Estructura modular<\/p>\n<\/div><\/div><div class=\"post-footer\"><a href=\"https:\/\/wee-msme-clearinghouse.com\/es\/introduccion\/\" class=\"read-more\">Leer m\u00e1s <i class=\"fa fa-arrow-right\"><\/i><\/a><\/div><\/div><\/div><\/div><div class=\"wpb-ea-posts-item-column col-lg-4 col-md-6\"><div class=\"wpb-ea-post-carousel content-alignment-\"><div class=\"post-thumbnail\"><a href=\"https:\/\/wee-msme-clearinghouse.com\/es\/modulo-1\/\" title=\"M\u00f3dulo 1\"><img decoding=\"async\" src=\"https:\/\/wee-msme-clearinghouse.com\/es\/wp-content\/uploads\/2025\/05\/Modulo1-768x768.jpeg\" alt=\"\" \/><\/a><\/div><div class=\"post-info\"><div class=\"post-content\"><div class=\"post-date\"><a href=\"https:\/\/wee-msme-clearinghouse.com\/es\/modulo-1\/\">16 de mayo de 2025<\/a><\/div><a href=\"https:\/\/wee-msme-clearinghouse.com\/es\/modulo-1\/\" class=\"post-link\"><h3 class=\"post-heading\">M\u00f3dulo 1<\/h3><\/a><div class=\"post-details\"><p>Lecci\u00f3n 1 &#8211; Qu\u00e9 es comercio electr\u00f3nico Lecci\u00f3n 2 &#8211; Comercio electr\u00f3nico en el mundo Lecci\u00f3n 3 &#8211; Redes sociales&hellip;<\/p>\n<\/div><\/div><div class=\"post-footer\"><a href=\"https:\/\/wee-msme-clearinghouse.com\/es\/modulo-1\/\" class=\"read-more\">Leer m\u00e1s <i class=\"fa fa-arrow-right\"><\/i><\/a><\/div><\/div><\/div><\/div><div class=\"wpb-ea-posts-item-column col-lg-4 col-md-6\"><div class=\"wpb-ea-post-carousel content-alignment-\"><div class=\"post-thumbnail\"><a href=\"https:\/\/wee-msme-clearinghouse.com\/es\/modulo-2\/\" title=\"M\u00f3dulo 2\"><img decoding=\"async\" src=\"https:\/\/wee-msme-clearinghouse.com\/es\/wp-content\/uploads\/2025\/05\/Modulo2-768x768.jpeg\" alt=\"\" \/><\/a><\/div><div class=\"post-info\"><div class=\"post-content\"><div class=\"post-date\"><a href=\"https:\/\/wee-msme-clearinghouse.com\/es\/modulo-2\/\">17 de mayo de 2025<\/a><\/div><a href=\"https:\/\/wee-msme-clearinghouse.com\/es\/modulo-2\/\" class=\"post-link\"><h3 class=\"post-heading\">M\u00f3dulo 2<\/h3><\/a><div class=\"post-details\"><p>Lecci\u00f3n 1 &#8211; Redes sociales para su negocios Lecci\u00f3n 2 &#8211; Marketplaces y directorios Lecci\u00f3n 3 &#8211; Plataformas Digitales para&hellip;<\/p>\n<\/div><\/div><div class=\"post-footer\"><a href=\"https:\/\/wee-msme-clearinghouse.com\/es\/modulo-2\/\" class=\"read-more\">Leer m\u00e1s <i class=\"fa fa-arrow-right\"><\/i><\/a><\/div><\/div><\/div><\/div><div class=\"wpb-ea-posts-item-column col-lg-4 col-md-6\"><div class=\"wpb-ea-post-carousel content-alignment-\"><div class=\"post-thumbnail\"><a href=\"https:\/\/wee-msme-clearinghouse.com\/es\/modulo-3\/\" title=\"M\u00f3dulo 3\"><img decoding=\"async\" src=\"https:\/\/wee-msme-clearinghouse.com\/es\/wp-content\/uploads\/2025\/05\/Modulo3-768x768.jpeg\" alt=\"\" \/><\/a><\/div><div class=\"post-info\"><div class=\"post-content\"><div class=\"post-date\"><a href=\"https:\/\/wee-msme-clearinghouse.com\/es\/modulo-3\/\">20 de mayo de 2025<\/a><\/div><a href=\"https:\/\/wee-msme-clearinghouse.com\/es\/modulo-3\/\" class=\"post-link\"><h3 class=\"post-heading\">M\u00f3dulo 3<\/h3><\/a><div class=\"post-details\"><p>Lecci\u00f3n 1 &#8211; Embudo de ventas Lecci\u00f3n 2 &#8211; Introducci\u00f3n a las anal\u00edticas Lecci\u00f3n 3 &#8211; Log\u00edstica y entregas (Local&hellip;<\/p>\n<\/div><\/div><div class=\"post-footer\"><a href=\"https:\/\/wee-msme-clearinghouse.com\/es\/modulo-3\/\" class=\"read-more\">Leer m\u00e1s <i class=\"fa fa-arrow-right\"><\/i><\/a><\/div><\/div><\/div><\/div><div class=\"wpb-ea-posts-item-column col-lg-4 col-md-6\"><div class=\"wpb-ea-post-carousel content-alignment-\"><div class=\"post-thumbnail\"><a href=\"https:\/\/wee-msme-clearinghouse.com\/es\/modulo-4\/\" title=\"M\u00f3dulo 4\"><img decoding=\"async\" src=\"https:\/\/wee-msme-clearinghouse.com\/es\/wp-content\/uploads\/2025\/05\/Modulo4-768x768.jpeg\" alt=\"\" \/><\/a><\/div><div class=\"post-info\"><div class=\"post-content\"><div class=\"post-date\"><a href=\"https:\/\/wee-msme-clearinghouse.com\/es\/modulo-4\/\">20 de mayo de 2025<\/a><\/div><a href=\"https:\/\/wee-msme-clearinghouse.com\/es\/modulo-4\/\" class=\"post-link\"><h3 class=\"post-heading\">M\u00f3dulo 4<\/h3><\/a><div class=\"post-details\"><p>Lecci\u00f3n 1 &#8211; C\u00f3digos QR para generar tr\u00e1fico Lecci\u00f3n 2 &#8211; Inteligencia Artificial en mi negocio Lecci\u00f3n 3 &#8211; Live&hellip;<\/p>\n<\/div><\/div><div class=\"post-footer\"><a href=\"https:\/\/wee-msme-clearinghouse.com\/es\/modulo-4\/\" class=\"read-more\">Leer m\u00e1s <i class=\"fa fa-arrow-right\"><\/i><\/a><\/div><\/div><\/div><\/div><div class=\"wpb-ea-posts-item-column col-lg-4 col-md-6\"><div class=\"wpb-ea-post-carousel content-alignment-\"><div class=\"post-thumbnail\"><a href=\"https:\/\/wee-msme-clearinghouse.com\/es\/modulo-5\/\" title=\"M\u00f3dulo 5\"><img decoding=\"async\" src=\"https:\/\/wee-msme-clearinghouse.com\/es\/wp-content\/uploads\/2025\/05\/Modulo5-768x768.jpeg\" alt=\"\" \/><\/a><\/div><div class=\"post-info\"><div class=\"post-content\"><div class=\"post-date\"><a href=\"https:\/\/wee-msme-clearinghouse.com\/es\/modulo-5\/\">20 de mayo de 2025<\/a><\/div><a href=\"https:\/\/wee-msme-clearinghouse.com\/es\/modulo-5\/\" class=\"post-link\"><h3 class=\"post-heading\">M\u00f3dulo 5<\/h3><\/a><div class=\"post-details\"><p>Lecci\u00f3n 1 Actividades y Evaluaciones<\/p>\n<\/div><\/div><div class=\"post-footer\"><a href=\"https:\/\/wee-msme-clearinghouse.com\/es\/modulo-5\/\" class=\"read-more\">Leer m\u00e1s <i class=\"fa fa-arrow-right\"><\/i><\/a><\/div><\/div><\/div><\/div><\/div>\t\t\t\t<\/div>\n\t\t\t\t<\/div>\n\t\t\t\t\t<\/div>\n\t\t\t\t<\/div>\n\t\t\t\t<\/div>\n\t\t","protected":false},"excerpt":{"rendered":"<p>MIPYME en L\u00ednea: Formaci\u00f3n en Comercio Electr\u00f3nico El programa\u00a0MIPYME en L\u00ednea: Formaci\u00f3n en Comercio Electr\u00f3nico\u00a0est\u00e1 dise\u00f1ado para fortalecer las capacidades digitales de micro, peque\u00f1as y medianas empresas, brind\u00e1ndoles herramientas pr\u00e1cticas para digitalizar sus negocios y expandir su presencia en l\u00ednea. A lo largo del curso, los participantes reciben capacitaci\u00f3n especializada y asistencia t\u00e9cnica personalizada para optimizar sus canales de venta digital, incrementar su visibilidad y mejorar su competitividad en el mercado. 13 de mayo de 2025 Introducci\u00f3n Bienvenida Estructura modular Leer m\u00e1s 16 de mayo de 2025 M\u00f3dulo 1 Lecci\u00f3n 1 &#8211; Qu\u00e9 es comercio electr\u00f3nico Lecci\u00f3n 2 &#8211; Comercio electr\u00f3nico en el mundo Lecci\u00f3n 3 &#8211; Redes sociales&hellip; Leer m\u00e1s 17 de mayo de 2025 M\u00f3dulo 2 Lecci\u00f3n 1 &#8211; Redes sociales para su negocios Lecci\u00f3n 2 &#8211; Marketplaces y directorios Lecci\u00f3n 3 &#8211; Plataformas Digitales para&hellip; Leer m\u00e1s 20 de mayo de 2025 M\u00f3dulo 3 Lecci\u00f3n 1 &#8211; Embudo de ventas Lecci\u00f3n 2 &#8211; Introducci\u00f3n a las anal\u00edticas Lecci\u00f3n 3 &#8211; Log\u00edstica y entregas (Local&hellip; Leer m\u00e1s 20 de mayo de 2025 M\u00f3dulo 4 Lecci\u00f3n 1 &#8211; C\u00f3digos QR para generar tr\u00e1fico Lecci\u00f3n 2 &#8211; Inteligencia Artificial en mi negocio Lecci\u00f3n 3 &#8211; Live&hellip; Leer m\u00e1s 20 de mayo de 2025 M\u00f3dulo 5 Lecci\u00f3n 1 Actividades y Evaluaciones Leer m\u00e1s<\/p>\n","protected":false},"author":1,"featured_media":0,"parent":0,"menu_order":0,"comment_status":"closed","ping_status":"closed","template":"elementor_header_footer","meta":{"iawp_total_views":88,"footnotes":""},"folder":[],"class_list":["post-14039","page","type-page","status-publish","hentry"],"_links":{"self":[{"href":"https:\/\/wee-msme-clearinghouse.com\/es\/wp-json\/wp\/v2\/pages\/14039","targetHints":{"allow":["GET"]}}],"collection":[{"href":"https:\/\/wee-msme-clearinghouse.com\/es\/wp-json\/wp\/v2\/pages"}],"about":[{"href":"https:\/\/wee-msme-clearinghouse.com\/es\/wp-json\/wp\/v2\/types\/page"}],"author":[{"embeddable":true,"href":"https:\/\/wee-msme-clearinghouse.com\/es\/wp-json\/wp\/v2\/users\/1"}],"replies":[{"embeddable":true,"href":"https:\/\/wee-msme-clearinghouse.com\/es\/wp-json\/wp\/v2\/comments?post=14039"}],"version-history":[{"count":7,"href":"https:\/\/wee-msme-clearinghouse.com\/es\/wp-json\/wp\/v2\/pages\/14039\/revisions"}],"predecessor-version":[{"id":14054,"href":"https:\/\/wee-msme-clearinghouse.com\/es\/wp-json\/wp\/v2\/pages\/14039\/revisions\/14054"}],"wp:attachment":[{"href":"https:\/\/wee-msme-clearinghouse.com\/es\/wp-json\/wp\/v2\/media?parent=14039"}],"wp:term":[{"taxonomy":"folder","embeddable":true,"href":"https:\/\/wee-msme-clearinghouse.com\/es\/wp-json\/wp\/v2\/folder?post=14039"}],"curies":[{"name":"wp","href":"https:\/\/api.w.org\/{rel}","templated":true}]}}